{"id":502,"date":"2022-03-28T10:36:19","date_gmt":"2022-03-28T08:36:19","guid":{"rendered":"http:\/\/m-elesko.de\/?page_id=502"},"modified":"2025-11-01T19:11:50","modified_gmt":"2025-11-01T18:11:50","slug":"datenschutzerklaerung-2","status":"publish","type":"page","link":"https:\/\/m-elesko.de\/?page_id=502","title":{"rendered":"Datenschutzerkl\u00e4rung"},"content":{"rendered":"\t\t<div data-elementor-type=\"wp-page\" data-elementor-id=\"502\" class=\"elementor elementor-502\">\n\t\t\t\t\t\t<section class=\"elementor-section elementor-top-section elementor-element elementor-element-465f43b elementor-section-stretched elementor-section-boxed elementor-section-height-default elementor-section-height-default\" data-id=\"465f43b\" data-element_type=\"section\" data-settings=\"{&quot;stretch_section&quot;:&quot;section-stretched&quot;}\">\n\t\t\t\t\t\t<div class=\"elementor-container elementor-column-gap-wider\">\n\t\t\t\t\t<div class=\"elementor-column elementor-col-100 elementor-top-column elementor-element elementor-element-1bed44a\" data-id=\"1bed44a\" data-element_type=\"column\">\n\t\t\t<div class=\"elementor-widget-wrap elementor-element-populated\">\n\t\t\t\t\t\t<div class=\"elementor-element elementor-element-b114a99 elementor-widget elementor-widget-text-editor\" data-id=\"b114a99\" data-element_type=\"widget\" data-widget_type=\"text-editor.default\">\n\t\t\t\t<div class=\"elementor-widget-container\">\n\t\t\t\t\t\t\t\t\t<h2><strong>Datenschutzerkl\u00e4rung<\/strong><\/h2><h2>\u00a0<\/h2><h2>1. Verantwortlicher<\/h2><p><strong>M-Elesko Bau- &amp; Sanierungsunternehmen<\/strong><br \/>Inhaber: Mirsad Eleskovic<br \/>Karl-Britsch-Stra\u00dfe 31<br \/>75180 Pforzheim<br \/>Deutschland<br \/><br \/>Telefon: 07231 166810-8<br \/>E-Mail: <a href=\"mailto:info@m-elesko.de\">info@m-elesko.de<\/a><\/p><h2>\u00a0<\/h2><h2>2. Allgemeines zur Datenverarbeitung<\/h2><p>Wir verarbeiten personenbezogene Daten ausschlie\u00dflich im Rahmen der gesetzlichen Bestimmungen.<br \/>Die Nutzung unserer Website ist in der Regel ohne Angabe personenbezogener Daten m\u00f6glich.<br \/>Soweit auf unseren Seiten personenbezogene Daten erhoben werden (z. B. \u00fcber ein Kontaktformular), erfolgt dies stets auf freiwilliger Basis.<\/p><h2>\u00a0<\/h2><h2>3. Erhebung und Speicherung personenbezogener Daten<\/h2><h4>a) Beim Besuch der Website<\/h4><p>Beim Aufrufen unserer Website werden automatisch Daten an unseren Server gesendet:<br \/>IP-Adresse, Datum und Uhrzeit des Zugriffs, Browsertyp, Betriebssystem und Referrer-URL.<br \/>Diese Daten dienen der Gew\u00e4hrleistung eines st\u00f6rungsfreien Betriebs.<\/p><h4>b) Kontaktformular<\/h4><p>Wenn Sie uns per Kontaktformular oder E-Mail kontaktieren, werden Ihre Angaben zur Bearbeitung der Anfrage und f\u00fcr Anschlussfragen gespeichert.<br \/>Diese Daten geben wir nicht ohne Ihre Einwilligung weiter.<\/p><h4>c) Cookies<\/h4><p>Unsere Website verwendet Cookies. Technisch notwendige Cookies werden gesetzt, um die Website korrekt darzustellen.<br \/>Analyse- oder Marketing-Cookies werden nur mit Ihrer Einwilligung \u00fcber das Cookie-Banner aktiviert.<\/p><h4>d) Google Analytics (sofern aktiviert)<\/h4><p>Wir nutzen Google Analytics, einen Webanalysedienst der Google Ireland Ltd., Gordon House, Barrow Street, Dublin 4, Irland.<br \/>Die Verarbeitung erfolgt nur mit Ihrer Einwilligung (Art. 6 Abs. 1 lit. a DSGVO). Es wird die IP-Anonymisierung verwendet.<\/p><h4>e) Google Fonts<\/h4><p>Zur einheitlichen Darstellung von Schriftarten verwenden wir lokal gehostete Google Fonts. Es werden keine Daten an Google-Server \u00fcbertragen.<\/p><p>\u00a0<\/p><h2>4. Weitergabe von Daten<\/h2><p>Eine Weitergabe Ihrer Daten erfolgt nur, wenn eine gesetzliche Verpflichtung besteht oder Sie ausdr\u00fccklich eingewilligt haben.<\/p><h2>\u00a0<\/h2><h2>5. Speicherdauer<\/h2><p>Wir speichern personenbezogene Daten nur solange, wie es f\u00fcr die jeweiligen Zwecke erforderlich ist oder gesetzliche Fristen bestehen.<\/p><h2>\u00a0<\/h2><h2>6. Ihre Rechte<\/h2><ul><li>Auskunft \u00fcber Ihre gespeicherten Daten (Art. 15 DSGVO)<\/li><li>Berichtigung unrichtiger Daten (Art. 16 DSGVO)<\/li><li>L\u00f6schung Ihrer Daten (Art. 17 DSGVO)<\/li><li>Einschr\u00e4nkung der Verarbeitung (Art. 18 DSGVO)<\/li><li>Daten\u00fcbertragbarkeit (Art. 20 DSGVO)<\/li><li>Widerspruch gegen die Verarbeitung (Art. 21 DSGVO)<\/li><\/ul><p>Zur Aus\u00fcbung dieser Rechte gen\u00fcgt eine E-Mail an <a href=\"mailto:info@m-elesko.de\">info@m-elesko.de<\/a>.<\/p><h2>\u00a0<\/h2><h2>7. Datensicherheit<\/h2><p>Wir verwenden SSL-Verschl\u00fcsselung (https), um Ihre Daten bei der \u00dcbertragung zu sch\u00fctzen.<\/p><h2>\u00a0<\/h2><h2>8. Beschwerderecht<\/h2><p>Sie haben das Recht, sich bei der Datenschutzaufsichtsbeh\u00f6rde zu beschweren:<\/p><p><strong>Landesbeauftragter f\u00fcr den Datenschutz und die Informationsfreiheit Baden-W\u00fcrttemberg<\/strong><br \/>Lautenschlagerstra\u00dfe 20, 70173 Stuttgart<br \/><a href=\"https:\/\/www.baden-wuerttemberg.datenschutz.de\" target=\"_blank\" rel=\"noopener\">www.baden-wuerttemberg.datenschutz.de<\/a><\/p><h2>\u00a0<\/h2><h2>9. Aktualit\u00e4t<\/h2><p>Stand: 1. November 2025<\/p><footer><p>\u00a9 2025 M-Elesko \u2013 Bau- &amp; Sanierungsunternehmen, Pforzheim.<\/p><\/footer><p>\u00a0<\/p>\t\t\t\t\t\t\t\t<\/div>\n\t\t\t\t<\/div>\n\t\t\t\t<div class=\"elementor-element elementor-element-75837a6 elementor-widget elementor-widget-spacer\" data-id=\"75837a6\" data-element_type=\"widget\" data-widget_type=\"spacer.default\">\n\t\t\t\t<div class=\"elementor-widget-container\">\n\t\t\t\t\t\t\t<div class=\"elementor-spacer\">\n\t\t\t<div class=\"elementor-spacer-inner\"><\/div>\n\t\t<\/div>\n\t\t\t\t\t\t<\/div>\n\t\t\t\t<\/div>\n\t\t\t\t\t<\/div>\n\t\t<\/div>\n\t\t\t\t\t<\/div>\n\t\t<\/section>\n\t\t\t\t<\/div>\n\t\t","protected":false},"excerpt":{"rendered":"<p>Datenschutzerkl\u00e4rung \u00a0 1. Verantwortlicher M-Elesko Bau- &amp; SanierungsunternehmenInhaber: Mirsad EleskovicKarl-Britsch-Stra\u00dfe 3175180 PforzheimDeutschland Telefon: 07231 166810-8E-Mail: info@m-elesko.de \u00a0 2. Allgemeines zur Datenverarbeitung Wir verarbeiten personenbezogene Daten ausschlie\u00dflich<span class=\"excerpt-hellip\"> [\u2026]<\/span><\/p>\n","protected":false},"author":1,"featured_media":0,"parent":0,"menu_order":0,"comment_status":"closed","ping_status":"closed","template":"","meta":{"footnotes":""},"class_list":["post-502","page","type-page","status-publish","hentry"],"_links":{"self":[{"href":"https:\/\/m-elesko.de\/index.php?rest_route=\/wp\/v2\/pages\/502","targetHints":{"allow":["GET"]}}],"collection":[{"href":"https:\/\/m-elesko.de\/index.php?rest_route=\/wp\/v2\/pages"}],"about":[{"href":"https:\/\/m-elesko.de\/index.php?rest_route=\/wp\/v2\/types\/page"}],"author":[{"embeddable":true,"href":"https:\/\/m-elesko.de\/index.php?rest_route=\/wp\/v2\/users\/1"}],"replies":[{"embeddable":true,"href":"https:\/\/m-elesko.de\/index.php?rest_route=%2Fwp%2Fv2%2Fcomments&post=502"}],"version-history":[{"count":9,"href":"https:\/\/m-elesko.de\/index.php?rest_route=\/wp\/v2\/pages\/502\/revisions"}],"predecessor-version":[{"id":1077,"href":"https:\/\/m-elesko.de\/index.php?rest_route=\/wp\/v2\/pages\/502\/revisions\/1077"}],"wp:attachment":[{"href":"https:\/\/m-elesko.de\/index.php?rest_route=%2Fwp%2Fv2%2Fmedia&parent=502"}],"curies":[{"name":"wp","href":"https:\/\/api.w.org\/{rel}","templated":true}]}}