{"id":496,"date":"2022-03-28T10:24:57","date_gmt":"2022-03-28T08:24:57","guid":{"rendered":"http:\/\/m-elesko.de\/?page_id=496"},"modified":"2025-11-01T19:16:32","modified_gmt":"2025-11-01T18:16:32","slug":"impressum","status":"publish","type":"page","link":"https:\/\/m-elesko.de\/?page_id=496","title":{"rendered":"Impressum"},"content":{"rendered":"\t\t<div data-elementor-type=\"wp-page\" data-elementor-id=\"496\" class=\"elementor elementor-496\">\n\t\t\t\t\t\t<section class=\"elementor-section elementor-top-section elementor-element elementor-element-465f43b elementor-section-stretched elementor-section-boxed elementor-section-height-default elementor-section-height-default\" data-id=\"465f43b\" data-element_type=\"section\" data-settings=\"{&quot;stretch_section&quot;:&quot;section-stretched&quot;}\">\n\t\t\t\t\t\t<div class=\"elementor-container elementor-column-gap-wider\">\n\t\t\t\t\t<div class=\"elementor-column elementor-col-100 elementor-top-column elementor-element elementor-element-1bed44a\" data-id=\"1bed44a\" data-element_type=\"column\">\n\t\t\t<div class=\"elementor-widget-wrap elementor-element-populated\">\n\t\t\t\t\t\t<div class=\"elementor-element elementor-element-b114a99 elementor-widget elementor-widget-text-editor\" data-id=\"b114a99\" data-element_type=\"widget\" data-widget_type=\"text-editor.default\">\n\t\t\t\t<div class=\"elementor-widget-container\">\n\t\t\t\t\t\t\t\t\t<h2><strong data-start=\"207\" data-end=\"220\">Impressum<\/strong><\/h2><div><strong data-start=\"207\" data-end=\"220\"><br><\/strong><\/div>\n<p data-start=\"224\" data-end=\"352\"><h4><strong data-start=\"224\" data-end=\"265\">M-Elesko Bau- &amp; Sanierungsunternehmen<\/strong><\/h4>Inhaber: Mirsad Eleskovic<br data-start=\"293\" data-end=\"296\">Karl-Britsch-Stra\u00dfe 31<br data-start=\"318\" data-end=\"321\">75180 Pforzheim<br data-start=\"336\" data-end=\"339\">Deutschland<\/p>\n<p data-start=\"354\" data-end=\"432\">Telefon: 07231 166810-8<br data-start=\"377\" data-end=\"380\">Telefax: 07231 166810-7<br data-start=\"403\" data-end=\"406\">E-Mail: <a data-start=\"414\" data-end=\"430\" rel=\"noopener\">info@m-elesko.de<span aria-hidden=\"true\"><svg width=\"20\" height=\"20\" viewBox=\"0 0 20 20\" fill=\"currentColor\" xmlns=\"http:\/\/www.w3.org\/2000\/svg\" data-rtl-flip=\"\"><path d=\"M14.3349 13.3301V6.60645L5.47065 15.4707C5.21095 15.7304 4.78895 15.7304 4.52925 15.4707C4.26955 15.211 4.26955 14.789 4.52925 14.5293L13.3935 5.66504H6.66011C6.29284 5.66504 5.99507 5.36727 5.99507 5C5.99507 4.63273 6.29284 4.33496 6.66011 4.33496H14.9999L15.1337 4.34863C15.4369 4.41057 15.665 4.67857 15.665 5V13.3301C15.6649 13.6973 15.3672 13.9951 14.9999 13.9951C14.6327 13.9951 14.335 13.6973 14.3349 13.3301Z\"><\/path><\/svg><\/span><\/a><\/p>\n<p data-start=\"434\" data-end=\"539\">Umsatzsteuer-ID gem\u00e4\u00df \u00a7 27a UStG: DE[Nummer eintragen]<br data-start=\"488\" data-end=\"491\">(Alternativ: Steuernummer: [Nummer eintragen])<\/p>\n<p data-start=\"541\" data-end=\"614\">Handwerkskammer Karlsruhe<br data-start=\"566\" data-end=\"569\">Betriebsnummer: [falls vorhanden eintragen]<\/p>\n<p data-start=\"616\" data-end=\"713\">\n<\/p><h4><strong data-start=\"616\" data-end=\"672\"><br><\/strong><\/h4><h4><strong data-start=\"616\" data-end=\"672\">Verantwortlich f\u00fcr den Inhalt nach \u00a7 18 Abs. 2 MStV:<\/strong><\/h4>\n<p>Mirsad Eleskovic, Anschrift wie oben<\/p>\n<hr data-start=\"715\" data-end=\"718\">\n<p data-start=\"720\" data-end=\"941\"><strong data-start=\"720\" data-end=\"771\">Online-Streitbeilegung \/ Verbraucherschlichtung<\/strong><br data-start=\"771\" data-end=\"774\">Die Europ\u00e4ische Kommission stellt eine Plattform zur Online-Streitbeilegung (OS) bereit:<br data-start=\"862\" data-end=\"865\"><a rel=\"noopener\" data-start=\"865\" data-end=\"939\" target=\"_new\">https:\/\/ec.europa.eu\/consumers\/odr\/<span aria-hidden=\"true\"><svg width=\"20\" height=\"20\" viewBox=\"0 0 20 20\" fill=\"currentColor\" xmlns=\"http:\/\/www.w3.org\/2000\/svg\" data-rtl-flip=\"\"><path d=\"M14.3349 13.3301V6.60645L5.47065 15.4707C5.21095 15.7304 4.78895 15.7304 4.52925 15.4707C4.26955 15.211 4.26955 14.789 4.52925 14.5293L13.3935 5.66504H6.66011C6.29284 5.66504 5.99507 5.36727 5.99507 5C5.99507 4.63273 6.29284 4.33496 6.66011 4.33496H14.9999L15.1337 4.34863C15.4369 4.41057 15.665 4.67857 15.665 5V13.3301C15.6649 13.6973 15.3672 13.9951 14.9999 13.9951C14.6327 13.9951 14.335 13.6973 14.3349 13.3301Z\"><\/path><\/svg><\/span><\/a><\/p>\n<p data-start=\"943\" data-end=\"1073\">Wir sind nicht verpflichtet und nicht bereit, an Streitbeilegungsverfahren vor einer Verbraucherschlichtungsstelle teilzunehmen.<\/p>\n<hr data-start=\"1075\" data-end=\"1078\">\n<p data-start=\"1080\" data-end=\"1285\">\n<\/p><h4><strong data-start=\"1080\" data-end=\"1102\"><br><\/strong><\/h4><h4><strong data-start=\"1080\" data-end=\"1102\">Haftungsausschluss<\/strong><\/h4>\n<p>Trotz sorgf\u00e4ltiger inhaltlicher Kontrolle \u00fcbernehmen wir keine Haftung f\u00fcr externe Links. F\u00fcr den Inhalt der verlinkten Seiten sind ausschlie\u00dflich deren Betreiber verantwortlich.<\/p>\n<hr data-start=\"1287\" data-end=\"1290\">\n<p data-start=\"1292\" data-end=\"1588\">\n<\/p><h4><strong data-start=\"1292\" data-end=\"1308\"><br><\/strong><\/h4><h4><strong data-start=\"1292\" data-end=\"1308\">Urheberrecht<\/strong><\/h4>\n<p>Die durch die Seitenbetreiber erstellten Inhalte und Werke auf diesen Seiten unterliegen dem deutschen Urheberrecht.<br data-start=\"1427\" data-end=\"1430\">Vervielf\u00e4ltigung, Bearbeitung, Verbreitung oder sonstige Nutzung au\u00dferhalb der Grenzen des Urheberrechts bed\u00fcrfen der schriftlichen Zustimmung von M-Elesko.<\/p>\n<hr data-start=\"1590\" data-end=\"1593\">\n<p style=\"margin: 0cm 0cm 11.25pt; font-style: normal; font-variant-ligatures: normal; font-variant-caps: normal; font-weight: 400; font-size: 11pt; line-height: 11.25pt; font-family: Calibri, sans-serif; color: #000000; background-image: initial; background-position: initial; background-size: initial; background-repeat: initial; background-attachment: initial; background-origin: initial; background-clip: initial;\">\n<\/p><p data-start=\"1595\" data-end=\"1654\">\u00a9 2025 M-Elesko \u2013 Bau- &amp; Sanierungsunternehmen, Pforzheim<\/p>\n<p style=\"margin: 0cm 0cm 8pt; font-style: normal; font-variant-ligatures: normal; font-variant-caps: normal; font-weight: 400; font-size: 11pt; line-height: 15.6933px; font-family: Calibri, sans-serif; color: #000000;\">\n<\/p>\t\t\t\t\t\t\t\t<\/div>\n\t\t\t\t<\/div>\n\t\t\t\t<div class=\"elementor-element elementor-element-75837a6 elementor-widget elementor-widget-spacer\" data-id=\"75837a6\" data-element_type=\"widget\" data-widget_type=\"spacer.default\">\n\t\t\t\t<div class=\"elementor-widget-container\">\n\t\t\t\t\t\t\t<div class=\"elementor-spacer\">\n\t\t\t<div class=\"elementor-spacer-inner\"><\/div>\n\t\t<\/div>\n\t\t\t\t\t\t<\/div>\n\t\t\t\t<\/div>\n\t\t\t\t\t<\/div>\n\t\t<\/div>\n\t\t\t\t\t<\/div>\n\t\t<\/section>\n\t\t\t\t<\/div>\n\t\t","protected":false},"excerpt":{"rendered":"<p>Impressum M-Elesko Bau- &amp; Sanierungsunternehmen Inhaber: Mirsad EleskovicKarl-Britsch-Stra\u00dfe 3175180 PforzheimDeutschland Telefon: 07231 166810-8Telefax: 07231 166810-7E-Mail: info@m-elesko.de Umsatzsteuer-ID gem\u00e4\u00df \u00a7 27a UStG: DE[Nummer eintragen](Alternativ: Steuernummer: [Nummer eintragen])<span class=\"excerpt-hellip\"> [\u2026]<\/span><\/p>\n","protected":false},"author":1,"featured_media":0,"parent":0,"menu_order":0,"comment_status":"closed","ping_status":"closed","template":"","meta":{"footnotes":""},"class_list":["post-496","page","type-page","status-publish","hentry"],"_links":{"self":[{"href":"https:\/\/m-elesko.de\/index.php?rest_route=\/wp\/v2\/pages\/496","targetHints":{"allow":["GET"]}}],"collection":[{"href":"https:\/\/m-elesko.de\/index.php?rest_route=\/wp\/v2\/pages"}],"about":[{"href":"https:\/\/m-elesko.de\/index.php?rest_route=\/wp\/v2\/types\/page"}],"author":[{"embeddable":true,"href":"https:\/\/m-elesko.de\/index.php?rest_route=\/wp\/v2\/users\/1"}],"replies":[{"embeddable":true,"href":"https:\/\/m-elesko.de\/index.php?rest_route=%2Fwp%2Fv2%2Fcomments&post=496"}],"version-history":[{"count":12,"href":"https:\/\/m-elesko.de\/index.php?rest_route=\/wp\/v2\/pages\/496\/revisions"}],"predecessor-version":[{"id":1081,"href":"https:\/\/m-elesko.de\/index.php?rest_route=\/wp\/v2\/pages\/496\/revisions\/1081"}],"wp:attachment":[{"href":"https:\/\/m-elesko.de\/index.php?rest_route=%2Fwp%2Fv2%2Fmedia&parent=496"}],"curies":[{"name":"wp","href":"https:\/\/api.w.org\/{rel}","templated":true}]}}